{"id":66,"date":"2021-03-23T17:41:21","date_gmt":"2021-03-23T20:41:21","guid":{"rendered":"https:\/\/asocelcuenco.com.ar\/?page_id=66"},"modified":"2021-03-23T17:41:21","modified_gmt":"2021-03-23T20:41:21","slug":"pedagogia","status":"publish","type":"page","link":"https:\/\/asocelcuenco.com.ar\/index.php\/pedagogia\/","title":{"rendered":"Pedagog\u00eda"},"content":{"rendered":"\n<figure class=\"wp-block-image size-large is-resized\"><img loading=\"lazy\" src=\"https:\/\/asocelcuenco.com.ar\/wp-content\/uploads\/2020\/10\/LogoOKTipo-1024x290.png\" alt=\"\" class=\"wp-image-12\" width=\"606\" height=\"171\" srcset=\"https:\/\/asocelcuenco.com.ar\/wp-content\/uploads\/2020\/10\/LogoOKTipo-1024x290.png 1024w, https:\/\/asocelcuenco.com.ar\/wp-content\/uploads\/2020\/10\/LogoOKTipo-300x85.png 300w, https:\/\/asocelcuenco.com.ar\/wp-content\/uploads\/2020\/10\/LogoOKTipo-768x218.png 768w, https:\/\/asocelcuenco.com.ar\/wp-content\/uploads\/2020\/10\/LogoOKTipo-1536x435.png 1536w, https:\/\/asocelcuenco.com.ar\/wp-content\/uploads\/2020\/10\/LogoOKTipo-1200x340.png 1200w, https:\/\/asocelcuenco.com.ar\/wp-content\/uploads\/2020\/10\/LogoOKTipo.png 1912w\" sizes=\"(max-width: 606px) 100vw, 606px\" \/><figcaption>Escuela waldorf<\/figcaption><\/figure>\n\n\n\n<p><em>\u00abRecibir al ni\u00f1o con respeto, educarlo con amor, dejarlo ir con libertad.\u00bb<\/em>\u00a0Rudolf Steiner.<\/p>\n\n\n\n<p>Sustentamos nuestro trabajo en la <strong>Pedagog\u00eda Waldorf<\/strong>, creada por el Dr. Rudolf Steiner en la segunda d\u00e9cada del siglo pasado en Alemania.<\/p>\n\n\n\n<p>Este enfoque pedag\u00f3gico, basado en la corriente filos\u00f3fica de la Antroposof\u00eda (sabidur\u00eda del hombre), propone transitar un camino de conocimiento del Ser Humano con Cuerpo, Alma y Esp\u00edritu, siendo una respuesta para los ni\u00f1os de hoy, \u00e1vidos por expresar sus potencialidades, en un marco de respeto, amor y cuidado por su propia individualidad.<\/p>\n\n\n\n<p>Para la pedagog\u00eda Waldorf, lo que el mundo nos ofrece en los reinos de la naturaleza y en sus aspectos sociales ayuda al ser humano a desarrollar sus propias capacidades y a comprender su destino y su misi\u00f3n en la Tierra.<\/p>\n\n\n\n<p>El aprendizaje es vivencial y no enciclop\u00e9dico, involucra aspectos intelectuales, an\u00edmicos y volitivos.<\/p>\n\n\n\n<p>Con una clara orientaci\u00f3n human\u00edstica, nuestra escuela plantea la educaci\u00f3n como un desarrollo hacia la libertad individual, incorporando la expresi\u00f3n art\u00edstica como un medio de aprendizaje en las materias curriculares.<\/p>\n","protected":false},"excerpt":{"rendered":"<p>\u00abRecibir al ni\u00f1o con respeto, educarlo con amor, dejarlo ir con libertad.\u00bb\u00a0Rudolf Steiner. Sustentamos nuestro trabajo en la Pedagog\u00eda Waldorf, creada por el Dr. Rudolf Steiner en la segunda d\u00e9cada del siglo pasado en Alemania. Este enfoque pedag\u00f3gico, basado en la corriente filos\u00f3fica de la Antroposof\u00eda (sabidur\u00eda del hombre), propone transitar un camino de conocimiento [&hellip;]<\/p>\n","protected":false},"author":2,"featured_media":0,"parent":0,"menu_order":0,"comment_status":"closed","ping_status":"closed","template":"","meta":[],"_links":{"self":[{"href":"https:\/\/asocelcuenco.com.ar\/index.php\/wp-json\/wp\/v2\/pages\/66"}],"collection":[{"href":"https:\/\/asocelcuenco.com.ar\/index.php\/wp-json\/wp\/v2\/pages"}],"about":[{"href":"https:\/\/asocelcuenco.com.ar\/index.php\/wp-json\/wp\/v2\/types\/page"}],"author":[{"embeddable":true,"href":"https:\/\/asocelcuenco.com.ar\/index.php\/wp-json\/wp\/v2\/users\/2"}],"replies":[{"embeddable":true,"href":"https:\/\/asocelcuenco.com.ar\/index.php\/wp-json\/wp\/v2\/comments?post=66"}],"version-history":[{"count":1,"href":"https:\/\/asocelcuenco.com.ar\/index.php\/wp-json\/wp\/v2\/pages\/66\/revisions"}],"predecessor-version":[{"id":67,"href":"https:\/\/asocelcuenco.com.ar\/index.php\/wp-json\/wp\/v2\/pages\/66\/revisions\/67"}],"wp:attachment":[{"href":"https:\/\/asocelcuenco.com.ar\/index.php\/wp-json\/wp\/v2\/media?parent=66"}],"curies":[{"name":"wp","href":"https:\/\/api.w.org\/{rel}","templated":true}]}}